{"id":80341,"date":"2024-11-08T22:14:53","date_gmt":"2024-11-08T22:14:53","guid":{"rendered":"https:\/\/www.artbottega.hr\/?post_type=product&#038;p=80341"},"modified":"2026-04-17T11:09:11","modified_gmt":"2026-04-17T10:09:11","slug":"poklon-bon-i-ulaznice-wine-paint-darovna-kartica","status":"publish","type":"product","link":"https:\/\/www.artbottega.hr\/en\/product\/poklon-bon-i-ulaznice-wine-paint-darovna-kartica\/","title":{"rendered":"Gift card - Tickets (Universal)"},"content":{"rendered":"<p style=\"text-align: justify;\">Art Bottega Studio organizes fun workshops that do not require previous art experience. This card can be an ideal gift for your partner, family member or friend. Give your loved one the opportunity to choose an unforgettable experience at one of the creative workshops in our organization. The gift certificate\/Voucher can be used as a universal ticket for all events organized by Art Bottega Studio at all our locations. The voucher is valid until the time indicated on it, in the amount for which it was paid.<\/p>\n<p style=\"text-align: justify;\">After you have made the payment, you will receive an invoice and detailed instructions for collecting the voucher in your email. All the details of how to use the voucher are listed physically on it, so it will be easy for people who have it to reserve their seats on time.<\/p>\n<p><b>Adress:<\/b><\/p>\n<p><strong>Ilica 51, Zagreb<\/strong><\/p>\n<p><strong>Biserova ul. 16, Split<\/strong><\/p>\n<p><strong>Ul. Dalmatinskog sabora 2, Zadar<\/strong><\/p>\n<p><strong>Titov trg 2a, Rijeka<\/strong><\/p>\n<p>Bring your friends or come alone and meet new ones!<\/p>","protected":false},"excerpt":{"rendered":"<p>Vrijednost jedne Darovne kartice iznosi 60,00 eura. Slobodno mo\u017eete odabrati i vi\u0161e komada. Prilikom narud\u017ebe obavezno upi\u0161ite ime osobe kojoj karticu planirate pokloniti. Nakon \u0161to odaberete koli\u010dinu i upi\u0161ete ime primatelja, nastavite na \u201cPla\u0107anje\u201d i zavr\u0161ite kupnju. Po zavr\u0161etku narud\u017ebe Darovnu karticu \u0107emo vam poslati u digitalnom PDF obliku, s upisanim imenom ili nadimkom koje ste naveli.<\/p>\n<p>Darovna kartica i poklon bon prenosivi su na druge osobe te vrijede za sve na\u0161e proizvode, neovisno o kategoriji i lokaciji studija. U slu\u010daju da je vrijednost rezervacije ve\u0107a od iznosa na kartici, primatelj mo\u017ee nadoplatiti razliku. Ako je vrijednost manja, preostali iznos mo\u017ee iskoristiti pri sljede\u0107oj rezervaciji.<\/p>\n<p>Preporu\u010dujemo karti\u010dno pla\u0107anje jer sustav tada automatski generira PDF vau\u010der s kodom i \u0161alje ga na va\u0161u e-mail adresu odmah po zavr\u0161etku narud\u017ebe. U slu\u010daju pla\u0107anja bankovnim prijenosom, potrebno je pri\u010dekati da uplata postane vidljiva u sustavu, \u0161to je naj\u010de\u0161\u0107e unutar jednog radnog dana. Ako \u017eelite ubrzati taj proces, mo\u017eete nam poslati potvrdu o uplati na e-mail.<\/p>","protected":false},"featured_media":85220,"template":"","meta":{"_acf_changed":false},"product_brand":[],"product_cat":[246],"product_tag":[],"class_list":{"0":"post-80341","1":"product","2":"type-product","3":"status-publish","4":"has-post-thumbnail","6":"product_cat-poklon-bon","8":"first","9":"instock","10":"taxable","11":"shipping-taxable","12":"purchasable","13":"product-type-simple"},"acf":[],"_links":{"self":[{"href":"https:\/\/www.artbottega.hr\/en\/wp-json\/wp\/v2\/product\/80341","targetHints":{"allow":["GET"]}}],"collection":[{"href":"https:\/\/www.artbottega.hr\/en\/wp-json\/wp\/v2\/product"}],"about":[{"href":"https:\/\/www.artbottega.hr\/en\/wp-json\/wp\/v2\/types\/product"}],"wp:featuredmedia":[{"embeddable":true,"href":"https:\/\/www.artbottega.hr\/en\/wp-json\/wp\/v2\/media\/85220"}],"wp:attachment":[{"href":"https:\/\/www.artbottega.hr\/en\/wp-json\/wp\/v2\/media?parent=80341"}],"wp:term":[{"taxonomy":"product_brand","embeddable":true,"href":"https:\/\/www.artbottega.hr\/en\/wp-json\/wp\/v2\/product_brand?post=80341"},{"taxonomy":"product_cat","embeddable":true,"href":"https:\/\/www.artbottega.hr\/en\/wp-json\/wp\/v2\/product_cat?post=80341"},{"taxonomy":"product_tag","embeddable":true,"href":"https:\/\/www.artbottega.hr\/en\/wp-json\/wp\/v2\/product_tag?post=80341"}],"curies":[{"name":"wp","href":"https:\/\/api.w.org\/{rel}","templated":true}]}}