{"id":108034,"date":"2026-04-28T12:21:32","date_gmt":"2026-04-28T11:21:32","guid":{"rendered":"https:\/\/www.artbottega.hr\/?post_type=product&#038;p=108034"},"modified":"2026-05-04T12:42:31","modified_gmt":"2026-05-04T11:42:31","slug":"asian_treet_food_festival_aperol5-1","status":"publish","type":"product","link":"https:\/\/www.artbottega.hr\/en\/product\/asian_treet_food_festival_aperol5-1\/","title":{"rendered":"Asian Street Food Festival | Park Stross | Petak 15.5."},"content":{"rendered":"<p>Art Bottega Studio i ove godine seli svoju kreativnu \u010daroliju na Asian Street food festival &#8211; na Strossu! \ud83c\udfa8\ud83c\udf77<\/p>\n<p>Pripremili smo posebni termin wine &amp; paint radionicu inspiriranu opu\u0161tenim proljetnim ugo\u0111ajem. O\u010dekuje vas nezaboravno iskustvo slikanja na otvorenom i \u017eivahnom ambijentu festivala \u2013 uz mirise ukusne hrane, vrhunsko vino i puno dobre energije.<\/p>\n<p>Bez obzira jeste li po\u010detnik ili ve\u0107 imate iskustva, uz stru\u010dno vodstvo korak po korak stvorit \u0107ete vlastitu umjetni\u010dku sliku i pritom se sjajno zabaviti.<\/p>\n<p>U cijenu ulaznice uklju\u010dena su najfinija vina renomiranih vinara, sav potreban slikarski materijal i stru\u010dno vodstvo \u2013 sve po promotivnoj festivalskoj cijeni.<\/p>\n<p align=\"justify\">Povedite svoje prijatelje ili pak do\u0111ite sami i upoznajte nove!<br \/>\nMolimo vas da do\u0111ete 10 min ranije kako bismo se udobno smjestili i mogli zapo\u010deti na vrijeme.<\/p>\n<p>Do\u0111ite, opustite se i uronite u kreativnost u pravom talijanskom stilu \u2013 jer prolje\u0107e je stvoreno za umjetnost, vino i u\u017eivanje! \u2728<\/p>","protected":false},"excerpt":{"rendered":"<p align=\"justify\">Enter the number of tickets, place your order and proceed to payment; for reservations of 6 or more places with payment upon arrival, a deposit is required. All minors from 7 to 18 years old are welcome to the workshop when accompanied by an adult. Both the child and the accompanying adult must secure their own tickets and participate in the workshop.<\/p>","protected":false},"featured_media":106835,"template":"","meta":{"_acf_changed":false},"product_brand":[],"product_cat":[250,274],"product_tag":[],"class_list":{"0":"post-108034","1":"product","2":"type-product","3":"status-publish","4":"has-post-thumbnail","6":"product_cat-zagreb","7":"product_cat-wine-paint","9":"first","10":"instock","11":"taxable","12":"shipping-taxable","13":"purchasable","14":"product-type-simple"},"acf":[],"_links":{"self":[{"href":"https:\/\/www.artbottega.hr\/en\/wp-json\/wp\/v2\/product\/108034","targetHints":{"allow":["GET"]}}],"collection":[{"href":"https:\/\/www.artbottega.hr\/en\/wp-json\/wp\/v2\/product"}],"about":[{"href":"https:\/\/www.artbottega.hr\/en\/wp-json\/wp\/v2\/types\/product"}],"wp:featuredmedia":[{"embeddable":true,"href":"https:\/\/www.artbottega.hr\/en\/wp-json\/wp\/v2\/media\/106835"}],"wp:attachment":[{"href":"https:\/\/www.artbottega.hr\/en\/wp-json\/wp\/v2\/media?parent=108034"}],"wp:term":[{"taxonomy":"product_brand","embeddable":true,"href":"https:\/\/www.artbottega.hr\/en\/wp-json\/wp\/v2\/product_brand?post=108034"},{"taxonomy":"product_cat","embeddable":true,"href":"https:\/\/www.artbottega.hr\/en\/wp-json\/wp\/v2\/product_cat?post=108034"},{"taxonomy":"product_tag","embeddable":true,"href":"https:\/\/www.artbottega.hr\/en\/wp-json\/wp\/v2\/product_tag?post=108034"}],"curies":[{"name":"wp","href":"https:\/\/api.w.org\/{rel}","templated":true}]}}