{"id":107234,"date":"2026-04-13T13:51:19","date_gmt":"2026-04-13T12:51:19","guid":{"rendered":"https:\/\/www.artbottega.hr\/?post_type=product&#038;p=107234"},"modified":"2026-04-27T15:53:55","modified_gmt":"2026-04-27T14:53:55","slug":"dn_jugosesprema5_zd","status":"publish","type":"product","link":"https:\/\/www.artbottega.hr\/en\/product\/dn_jugosesprema5_zd\/","title":{"rendered":"Slikanje u paru &#8211; Jugo se sprema | Subota 23.5."},"content":{"rendered":"<p align=\"justify\">Ve\u010der provedena kreativno i opu\u0161teno! \ud83c\udfa8<\/p>\n<p> Na radionici slikanja u paru dolazite u dvoje i zajedno stvarate jedan motiv na dva platna \u2013 spojite ih i dobit \u0107ete savr\u0161enu cjelinu. <\/p>\n<p> Za vas smo omogu\u0107ili svu slikarsku opremu i materijale, te naravno neograni\u010deno vino. Sve je uklju\u010deno u cijenu ulaznice. Iskustvo u slikanju uop\u0107e nije potrebno. Art Bottega je mjesto za zabavu i dru\u017eenje na kreativan na\u010din. Na\u0161i voditelji, provesti \u0107e te korak po korak kroz ovo nezaboravno iskustvo. Odmah po dolasku ponuditi \u0107emo te s \u010da\u0161om vina, a nadalje mo\u017ee\u0161 slobodno konzumirati upravo onoliko koliko \u017eeli\u0161 tijekom cijele ve\u010deri. Uz dobru glazbu i ugodan ambijent u na\u0161em studiju na kraju ve\u010deri iza\u0107i \u0107ete s vlastitim remek djelom kao uspomenom na ovo jedinstveno iskustvo i zabavu koju ste imali kod nas.<\/p>\n<p align=\"justify\"><b>DIY radionice<\/b> (&#8220;do it yourself&#8221;) izvode se uz stru\u010dno vodstvo na\u0161ih voditelja, omogu\u0107uju\u0107i sudionicima da se izraze kroz vlastitu kreativnost na potpuno praznom platnu. Radionice koje nemaju oznaku DIY djelomi\u010dno su mapirane, pru\u017eaju\u0107i sudionicima smjernice koje olak\u0161avaju izvedbu zahtjevnijih motiva, uz zadr\u017eavanje prostora za osobnu kreativnost i prilagodbu. Naravno, na svim radionicama mo\u017eete na svoju inicijativu odabrati prazno platno i slikati korak po korak uz navo\u0111enje voditelja ili pak bilo \u0161to po vlastitom izboru ukoliko se osje\u0107ate da bi radije se oku\u0161ali sami, a mi \u0107emo vam rado pomo\u0107i.<\/p>\n<p align=\"justify\">Molimo vas da do\u0111ete 10 min ranije kako bismo se udobno smjestili i mogli zapo\u010deti na vrijeme. Povedite svoje prijatelje ili pak do\u0111ite sami i upoznajte nove! Pridru\u017eite nam se na ve\u010derima slikanja i ispijanja vina!<\/p>","protected":false},"excerpt":{"rendered":"<p align=\"justify\"> Jedna ulaznica vrijedi za 2 osobe. <\/p>\n<p>Unesite broj ulaznica, naru\u010dite i nastavite na pla\u0107anje; za rezervacije od 6 ili vi\u0161e mjesta s pla\u0107anjem po dolasku, potreban je depozit. <\/p>\n<p>Sve maloljetne osobe od 7 do 18 godina dobrodo\u0161le su na radionicu uz pratnju punoljetne osobe koja tako\u0111er sudjeluje u slikanju. <\/p>\n<p align=\"justify\"><b>DIY workshops<\/b> (<i>do-it-yourself<\/i>) - take a look at the schedule<\/p>","protected":false},"featured_media":106939,"template":"","meta":{"_acf_changed":false},"product_brand":[],"product_cat":[249,274],"product_tag":[],"class_list":{"0":"post-107234","1":"product","2":"type-product","3":"status-publish","4":"has-post-thumbnail","6":"product_cat-zadar","7":"product_cat-wine-paint","9":"first","10":"instock","11":"taxable","12":"shipping-taxable","13":"purchasable","14":"product-type-simple"},"acf":[],"_links":{"self":[{"href":"https:\/\/www.artbottega.hr\/en\/wp-json\/wp\/v2\/product\/107234","targetHints":{"allow":["GET"]}}],"collection":[{"href":"https:\/\/www.artbottega.hr\/en\/wp-json\/wp\/v2\/product"}],"about":[{"href":"https:\/\/www.artbottega.hr\/en\/wp-json\/wp\/v2\/types\/product"}],"wp:featuredmedia":[{"embeddable":true,"href":"https:\/\/www.artbottega.hr\/en\/wp-json\/wp\/v2\/media\/106939"}],"wp:attachment":[{"href":"https:\/\/www.artbottega.hr\/en\/wp-json\/wp\/v2\/media?parent=107234"}],"wp:term":[{"taxonomy":"product_brand","embeddable":true,"href":"https:\/\/www.artbottega.hr\/en\/wp-json\/wp\/v2\/product_brand?post=107234"},{"taxonomy":"product_cat","embeddable":true,"href":"https:\/\/www.artbottega.hr\/en\/wp-json\/wp\/v2\/product_cat?post=107234"},{"taxonomy":"product_tag","embeddable":true,"href":"https:\/\/www.artbottega.hr\/en\/wp-json\/wp\/v2\/product_tag?post=107234"}],"curies":[{"name":"wp","href":"https:\/\/api.w.org\/{rel}","templated":true}]}}