{"id":107229,"date":"2026-04-13T13:51:03","date_gmt":"2026-04-13T12:51:03","guid":{"rendered":"https:\/\/www.artbottega.hr\/?post_type=product&#038;p=107229"},"modified":"2026-04-22T08:16:53","modified_gmt":"2026-04-22T07:16:53","slug":"n_flower5_zd","status":"publish","type":"product","link":"https:\/\/www.artbottega.hr\/en\/product\/n_flower5_zd\/","title":{"rendered":"Flower | \u010cetvrtak 14.5."},"content":{"rendered":"<p>&#8220;&#8221;&#8221;<\/p>\n<p align=\"\"\"\">Za vas smo u ponudu uveli novi inovativni koncept pod nazivom Glow &amp; Flow koji kombinira umjetnost s posebnim fluorescentnim neonskim bojama i dru\u017eenje pod posebnim UV svjetlima. Glow in the dark \u2013 slikanje pod UV svjetlom je kreativno izra\u017eavanje na zaista jedinstven na\u010din, gdje okru\u017eeni dobrom glazbom i prekrasnim ljudima, dobrih vibracija nikad ne nedostaje. Za vas smo omogu\u0107ili svu slikarsku opremu i materijale, te naravno neograni\u010deno vino. Sve je uklju\u010deno u cijenu ulaznice. Iskustvo u slikanju uop\u0107e nije potrebno. Art Bottega je mjesto za zabavu i dru\u017eenje na kreativan na\u010din. Na\u0161i voditelji, provesti \u0107e te korak po korak kroz ovo nezaboravno iskustvo. Odmah po dolasku ponuditi \u0107emo te s \u010da\u0161om vina, a nadalje mo\u017ee\u0161 slobodno konzumirati upravo onoliko koliko \u017eeli\u0161 tijekom cijele ve\u010deri. Uz dobru glazbu i ugodan ambijent u na\u0161em studiju na kraju ve\u010deri iza\u0107i \u0107ete s vlastitim remek djelom kao uspomenom na ovo jedinstveno iskustvo i zabavu koju ste imali kod nas.<\/p>\n<p>&nbsp;<\/p>\n<p align=\"\"\"\"><b>DIY workshops<\/b> (&#8220;&#8221;&#8221;&#8221;do it yourself&#8221;&#8221;&#8221;&#8221;) izvode se uz stru\u010dno vodstvo na\u0161ih voditelja, omogu\u0107uju\u0107i sudionicima da se izraze kroz vlastitu kreativnost na potpuno praznom platnu. Radionice koje nemaju oznaku DIY djelomi\u010dno su mapirane, pru\u017eaju\u0107i sudionicima smjernice koje olak\u0161avaju izvedbu zahtjevnijih motiva, uz zadr\u017eavanje prostora za osobnu kreativnost i prilagodbu. Naravno, na svim radionicama mo\u017eete na svoju inicijativu odabrati prazno platno i slikati korak po korak uz navo\u0111enje voditelja ili pak bilo \u0161to po vlastitom izboru ukoliko se osje\u0107ate da bi radije se oku\u0161ali sami, a mi \u0107emo vam rado pomo\u0107i.<\/p>\n<p>&nbsp;<\/p>\n<p align=\"\"\"\">Please arrive 10 minutes early so that we can get comfortable and start on time. Bring your friends or come alone and meet new ones! Join us for evenings of painting and drinking wine!<\/p>\n<p>&#8220;&#8221;&#8221;<\/p>","protected":false},"excerpt":{"rendered":"<p>&#8220;<\/p>\n<p align=\"\"justify\"\">Enter the number of tickets, place your order and proceed to payment; for reservations of 6 or more places with payment upon arrival, a deposit is required. All minors from 7 to 18 years old are welcome to the workshop when accompanied by an adult. Both the child and the accompanying adult must secure their own tickets and participate in the workshop.<\/p>\n<p align=\"\"justify\"\"><b>DIY workshops<\/b> (<i>do-it-yourself<\/i>) - take a look at the schedule<\/p>\n<p>&#8220;<\/p>","protected":false},"featured_media":107597,"template":"","meta":{"_acf_changed":false},"product_brand":[],"product_cat":[249,276],"product_tag":[],"class_list":{"0":"post-107229","1":"product","2":"type-product","3":"status-publish","4":"has-post-thumbnail","6":"product_cat-zadar","7":"product_cat-glow-flow","9":"first","10":"instock","11":"taxable","12":"shipping-taxable","13":"purchasable","14":"product-type-simple"},"acf":[],"_links":{"self":[{"href":"https:\/\/www.artbottega.hr\/en\/wp-json\/wp\/v2\/product\/107229","targetHints":{"allow":["GET"]}}],"collection":[{"href":"https:\/\/www.artbottega.hr\/en\/wp-json\/wp\/v2\/product"}],"about":[{"href":"https:\/\/www.artbottega.hr\/en\/wp-json\/wp\/v2\/types\/product"}],"wp:featuredmedia":[{"embeddable":true,"href":"https:\/\/www.artbottega.hr\/en\/wp-json\/wp\/v2\/media\/107597"}],"wp:attachment":[{"href":"https:\/\/www.artbottega.hr\/en\/wp-json\/wp\/v2\/media?parent=107229"}],"wp:term":[{"taxonomy":"product_brand","embeddable":true,"href":"https:\/\/www.artbottega.hr\/en\/wp-json\/wp\/v2\/product_brand?post=107229"},{"taxonomy":"product_cat","embeddable":true,"href":"https:\/\/www.artbottega.hr\/en\/wp-json\/wp\/v2\/product_cat?post=107229"},{"taxonomy":"product_tag","embeddable":true,"href":"https:\/\/www.artbottega.hr\/en\/wp-json\/wp\/v2\/product_tag?post=107229"}],"curies":[{"name":"wp","href":"https:\/\/api.w.org\/{rel}","templated":true}]}}