{"id":107204,"date":"2026-04-13T13:49:34","date_gmt":"2026-04-13T12:49:34","guid":{"rendered":"https:\/\/www.artbottega.hr\/?post_type=product&#038;p=107204"},"modified":"2026-04-26T20:37:53","modified_gmt":"2026-04-26T19:37:53","slug":"keramika5_ri","status":"publish","type":"product","link":"https:\/\/www.artbottega.hr\/en\/product\/keramika5_ri\/","title":{"rendered":"Oslikavanje keramike | DIY | Subota 16.5."},"content":{"rendered":"<p>&#8220;Clay &amp; Cork nove su radionice u organizaciji Art Bottega Studija. Na ovim zabavnim radionicama imati \u0107ete priliku saznati sve o procesu nastajanja kerami\u010dkog predmeta i sudjelovati u njegovom oslikavanju. Proces klasi\u010dne izrade keramike ima vi\u0161e faza, cjelokupan proces traje nekoliko dana, a detalje vam otkrivamo na na\u0161im radionicama.<\/p>\n<p>Kako biste mogli u\u017eivati u najzabavnijem dijelu izrade vlastitih kerami\u010dkih predmeta, na ovoj radionici za vas omogu\u0107ili smo oslikavanje \u0161alica, tanjuri\u0107a ili drugih<strong>\u00a0items from our offer\u00a0<\/strong>with, of course,\u00a0<strong>unlimited consumption of wine\u00a0<\/strong>and the professional guidance of our class leaders.<\/p>\n<p>Svaka radonica ima odre\u0111enu tematiku ali mi \u017eelimo da na svoje kerami\u010dke predmete dodate vlastiti &#8221;pe\u010dat&#8221; te ih u potpunosti oslikate u svom stilu. U mogu\u0107nosti ste napisati citate, posvete i poruke ukoliko \u017eelite svojim predmetom obradovati dragu osobu. Naslovne slike radionice su simboli\u010dne i samo prikazuju primjer kako va\u0161i radovi mogu izgledati.<\/p>\n<p>Ulaznica uklju\u010duje:<\/p>\n<ul>\n<li>all the necessary materials and colors for making objects<\/li>\n<li>jedan od odabranih gotovih kerami\u010dkih predmeta (&#8220;&#8221;biskvita&#8221;&#8221; iz ponude)<\/li>\n<li>unlimited consumption of wine and other soft drinks from the offer<\/li>\n<li>glazing your painted objects<\/li>\n<li>final baking to make them ready for use<\/li>\n<li>pickup of your unique ceramic items <strong>within 15 days<\/strong><\/li>\n<\/ul>\n<p align=\"\">No experience is necessary at all, come and have fun with us.<\/p>\n<p>Please arrive 10 minutes early so that we can get comfortable and start on time. Bring your friends or come alone and meet new ones! Join us for evenings of painting and drinking wine!<\/p>\n<p align=\"\">*Due to the repeated processing of ceramic items, after the final firing, you will be able to pick up your items within the stipulated time. Depending on the logistics processes, the download may be shorter or longer, of which you will certainly receive a notification.<\/p>","protected":false},"excerpt":{"rendered":"<p>&#8220;<\/p>\n<p align=\"\"justify\"\">Enter the number of tickets, place your order and proceed to payment; for reservations of 6 or more places with payment upon arrival, a deposit is required. All minors from 7 to 18 years old are welcome to the workshop when accompanied by an adult. Both the child and the accompanying adult must secure their own tickets and participate in the workshop.<\/p>\n<p align=\"\"justify\"\"><b>DIY workshops<\/b> (<i>do-it-yourself<\/i>) - take a look at the schedule<\/p>\n<p>&#8220;<\/p>","protected":false},"featured_media":86482,"template":"","meta":{"_acf_changed":false},"product_brand":[],"product_cat":[248,275],"product_tag":[],"class_list":{"0":"post-107204","1":"product","2":"type-product","3":"status-publish","4":"has-post-thumbnail","6":"product_cat-rijeka","7":"product_cat-clay-cork","9":"first","10":"instock","11":"taxable","12":"shipping-taxable","13":"purchasable","14":"product-type-simple"},"acf":[],"_links":{"self":[{"href":"https:\/\/www.artbottega.hr\/en\/wp-json\/wp\/v2\/product\/107204","targetHints":{"allow":["GET"]}}],"collection":[{"href":"https:\/\/www.artbottega.hr\/en\/wp-json\/wp\/v2\/product"}],"about":[{"href":"https:\/\/www.artbottega.hr\/en\/wp-json\/wp\/v2\/types\/product"}],"wp:featuredmedia":[{"embeddable":true,"href":"https:\/\/www.artbottega.hr\/en\/wp-json\/wp\/v2\/media\/86482"}],"wp:attachment":[{"href":"https:\/\/www.artbottega.hr\/en\/wp-json\/wp\/v2\/media?parent=107204"}],"wp:term":[{"taxonomy":"product_brand","embeddable":true,"href":"https:\/\/www.artbottega.hr\/en\/wp-json\/wp\/v2\/product_brand?post=107204"},{"taxonomy":"product_cat","embeddable":true,"href":"https:\/\/www.artbottega.hr\/en\/wp-json\/wp\/v2\/product_cat?post=107204"},{"taxonomy":"product_tag","embeddable":true,"href":"https:\/\/www.artbottega.hr\/en\/wp-json\/wp\/v2\/product_tag?post=107204"}],"curies":[{"name":"wp","href":"https:\/\/api.w.org\/{rel}","templated":true}]}}