{"id":107160,"date":"2026-04-13T13:47:00","date_gmt":"2026-04-13T12:47:00","guid":{"rendered":"https:\/\/www.artbottega.hr\/?post_type=product&#038;p=107160"},"modified":"2026-04-22T10:24:58","modified_gmt":"2026-04-22T09:24:58","slug":"k_bubamara5_1_zg","status":"publish","type":"product","link":"https:\/\/www.artbottega.hr\/en\/product\/k_bubamara5_1_zg\/","title":{"rendered":"Bubamara | DIY | Subota 23.5. (KIDS &#8211; prijepodne)"},"content":{"rendered":"<p align=\"\">Kreativno dru\u017eenje za najmla\u0111e i odrasle! \u2728<\/p>\n<p>Na\u0161e Kids &amp; Paint radionice su vesela i opu\u0161taju\u0107a aktivnost posebno osmi\u0161ljena za najmla\u0111e i njihove pratitelje. Djeca kroz igru otkrivaju \u010daroliju slikanja u sigurnom i poticajnom okru\u017eenju, dok odrasli aktivno sudjeluju u zajedni\u010dkom radu na jednom platnu, stvaraju\u0107i uspomene koje traju. Radionice su savr\u0161ena prilika za male umjetnike da uz glazbu, boje i dobru zabavu istra\u017ee svoju ma\u0161tu i izraze kreativnost! \ud83c\udfa8<\/p>\n<p>&nbsp;<\/p>\n<p><strong>Jedna ulaznica vrijedi za 1 roditelja i 1 dijete<\/strong>, a za svako dodatno dijete potrebna je kupnja dodatne ulaznice.<\/p>\n<p>&nbsp;<\/p>\n<p align=\"\">Sav materijal &#8211; platna, boje, kistovi i prega\u010de &#8211; \u010dekaju vas spremni u na\u0161em studiju. U\u017eivajte u neograni\u010denoj konzumaciji bezalkoholnih napitaka dok stvarate svoje malo umjetni\u010dko remek-djelo!<\/p>\n<p>Za djecu od 5+ godina je obvezna pratnja odrasle osobe, dok djeca od 12+ godina mogu samostalno sudjelovati.<\/p>\n<p>&nbsp;<\/p>\n<p align=\"\">Prepustite se bojama, smijehu i kreativnom dru\u017eenju. Ova radionica nije samo slikanje &#8211; to je trenutak povezanosti, opu\u0161tanja i zajedni\u010dkog stvaranja uspomena koje nosite ku\u0107i zajedno sa slikom. <span class=\"\"><span class=\"\">\ud83d\udd8c\ufe0f<\/span><\/span><span class=\"\"><span class=\"\">\ud83c\udfa8 \ud83e\udd17<\/span><\/span><\/p>\n<p><em>Molimo vas da do\u0111ete 10 minuta ranije\u00a0 kako bismo se udobno smjestili i zapo\u010deli na vrijeme.\u00a0<\/em><\/p>","protected":false},"excerpt":{"rendered":"<p style=\"text-align: center;\" align=\"justify\"><strong>Molimo vas da u napomenu upi\u0161ete broj osoba s kojima dolazite u pratnji.<\/strong><\/p>\n<p>&nbsp;<\/p>\n<p style=\"text-align: center;\"><strong>Jedna ulaznica vrijedi za 1 dijete od 5+ godina i 1 odraslu osobu. Za svako dodatno dijete potrebna je kupnja dodatne ulaznice.<\/strong><\/p>\n<p style=\"text-align: center;\">Odrasla osoba aktivno slika zajedno s djetetom na jednom platnu uz vodstvo na\u0161ih voditelja.<\/p>\n<p style=\"text-align: center;\">Odrasla osoba je obvezna pratnja za svu djecu od 5 &#8211; 12 godina, dok djeca od 12+ godina mogu samostalno sudjelovati.<\/p>\n<p style=\"text-align: center;\">Tijekom radionice uklju\u010dena je neograni\u010dena konzumacija bezalkoholnih pi\u0107a iz na\u0161e ponude.<\/p>\n<p style=\"text-align: center;\" align=\"justify\"><b>KIDS radionice<\/b>\u00a0&#8211; pogledati opis termina<\/p>","protected":false},"featured_media":106917,"template":"","meta":{"_acf_changed":false},"product_brand":[],"product_cat":[287,250],"product_tag":[],"class_list":{"0":"post-107160","1":"product","2":"type-product","3":"status-publish","4":"has-post-thumbnail","6":"product_cat-kids-paint","7":"product_cat-zagreb","9":"first","10":"instock","11":"taxable","12":"shipping-taxable","13":"purchasable","14":"product-type-simple"},"acf":[],"_links":{"self":[{"href":"https:\/\/www.artbottega.hr\/en\/wp-json\/wp\/v2\/product\/107160","targetHints":{"allow":["GET"]}}],"collection":[{"href":"https:\/\/www.artbottega.hr\/en\/wp-json\/wp\/v2\/product"}],"about":[{"href":"https:\/\/www.artbottega.hr\/en\/wp-json\/wp\/v2\/types\/product"}],"wp:featuredmedia":[{"embeddable":true,"href":"https:\/\/www.artbottega.hr\/en\/wp-json\/wp\/v2\/media\/106917"}],"wp:attachment":[{"href":"https:\/\/www.artbottega.hr\/en\/wp-json\/wp\/v2\/media?parent=107160"}],"wp:term":[{"taxonomy":"product_brand","embeddable":true,"href":"https:\/\/www.artbottega.hr\/en\/wp-json\/wp\/v2\/product_brand?post=107160"},{"taxonomy":"product_cat","embeddable":true,"href":"https:\/\/www.artbottega.hr\/en\/wp-json\/wp\/v2\/product_cat?post=107160"},{"taxonomy":"product_tag","embeddable":true,"href":"https:\/\/www.artbottega.hr\/en\/wp-json\/wp\/v2\/product_tag?post=107160"}],"curies":[{"name":"wp","href":"https:\/\/api.w.org\/{rel}","templated":true}]}}