{"id":98076,"date":"2025-11-17T11:47:21","date_gmt":"2025-11-17T10:47:21","guid":{"rendered":"https:\/\/www.artbottega.hr\/?page_id=98076"},"modified":"2026-02-23T12:12:06","modified_gmt":"2026-02-23T11:12:06","slug":"djecije-radionice","status":"publish","type":"page","link":"https:\/\/www.artbottega.hr\/en\/djecije-radionice\/","title":{"rendered":"Dje\u010dije radionice"},"content":{"rendered":"<div data-elementor-type=\"wp-page\" data-elementor-id=\"98076\" class=\"elementor elementor-98076\" data-elementor-post-type=\"page\">\n\t\t\t\t<div class=\"elementor-element elementor-element-2c85075 e-con-full elementor-hidden-mobile e-flex e-con e-parent\" data-id=\"2c85075\" data-element_type=\"container\" data-settings=\"{&quot;background_background&quot;:&quot;video&quot;,&quot;background_video_link&quot;:&quot;https:\\\/\\\/youtu.be\\\/LJYHSdBTkE8&quot;,&quot;background_play_on_mobile&quot;:&quot;yes&quot;,&quot;background_privacy_mode&quot;:&quot;yes&quot;}\">\n\t\t<div class=\"elementor-background-video-container\" aria-hidden=\"true\">\n\t\t\t\t\t\t\t<div class=\"elementor-background-video-embed\"><\/div>\n\t\t\t\t\t\t<\/div>\t\t<\/div>\n\t\t<div class=\"elementor-element elementor-element-8d572db e-con-full elementor-hidden-desktop elementor-hidden-tablet e-flex e-con e-parent\" data-id=\"8d572db\" data-element_type=\"container\" data-settings=\"{&quot;background_background&quot;:&quot;video&quot;,&quot;background_video_link&quot;:&quot;https:\\\/\\\/youtube.com\\\/shorts\\\/ZvjsA68f5T4&quot;,&quot;background_play_on_mobile&quot;:&quot;yes&quot;,&quot;background_privacy_mode&quot;:&quot;yes&quot;}\">\n\t\t<div class=\"elementor-background-video-container\" aria-hidden=\"true\">\n\t\t\t\t\t\t\t<div class=\"elementor-background-video-embed\"><\/div>\n\t\t\t\t\t\t<\/div>\t\t<\/div>\n\t\t<div class=\"elementor-element elementor-element-a7f5e27 e-con-full e-flex e-con e-parent\" data-id=\"a7f5e27\" data-element_type=\"container\" data-settings=\"{&quot;background_background&quot;:&quot;classic&quot;}\">\n\t\t\t\t<div class=\"elementor-element elementor-element-0e187dc elementor-widget elementor-widget-heading\" data-id=\"0e187dc\" data-element_type=\"widget\" data-widget_type=\"heading.default\">\n\t\t\t\t<div class=\"elementor-widget-container\">\n\t\t\t\t\t<h2 class=\"elementor-heading-title elementor-size-default\">An experience to remember - creative and fun workshops<\/h2>\t\t\t\t<\/div>\n\t\t\t\t<\/div>\n\t\t\t\t<div class=\"elementor-element elementor-element-7bb649a elementor-widget elementor-widget-heading\" data-id=\"7bb649a\" data-element_type=\"widget\" data-widget_type=\"heading.default\">\n\t\t\t\t<div class=\"elementor-widget-container\">\n\t\t\t\t\t<h2 class=\"elementor-heading-title elementor-size-default\">Dje\u010dje radionice u Art Bottegi<\/h2>\t\t\t\t<\/div>\n\t\t\t\t<\/div>\n\t\t\t\t<div class=\"elementor-element elementor-element-7f42881 elementor-widget elementor-widget-text-editor\" data-id=\"7f42881\" data-element_type=\"widget\" data-widget_type=\"text-editor.default\">\n\t\t\t\t<div class=\"elementor-widget-container\">\n\t\t\t\t\t\t\t\t\t<p>Zaboravite klasi\u010dne dje\u010dje radionice! U Art Bottegi se zabavljamo i u\u010dimo uz boje, platna, osmijehe i kretivnu zabavu.\u00a0<br \/>Give your children a new and unique experience and give them a day they will remember for a long time!<\/p>\t\t\t\t\t\t\t\t<\/div>\n\t\t\t\t<\/div>\n\t\t\t\t<div class=\"elementor-element elementor-element-ded263b elementor-align-center elementor-widget elementor-widget-button\" data-id=\"ded263b\" data-element_type=\"widget\" data-widget_type=\"button.default\">\n\t\t\t\t<div class=\"elementor-widget-container\">\n\t\t\t\t\t\t\t\t\t<div class=\"elementor-button-wrapper\">\n\t\t\t\t\t<a class=\"elementor-button elementor-button-link elementor-size-sm\" href=\"#upit2\">\n\t\t\t\t\t\t<span class=\"elementor-button-content-wrapper\">\n\t\t\t\t\t\t\t\t\t<span class=\"elementor-button-text\">Send inquiry<\/span>\n\t\t\t\t\t<\/span>\n\t\t\t\t\t<\/a>\n\t\t\t\t<\/div>\n\t\t\t\t\t\t\t\t<\/div>\n\t\t\t\t<\/div>\n\t\t\t\t<\/div>\n\t\t<div class=\"elementor-element elementor-element-3f7b32c e-flex e-con-boxed e-con e-parent\" data-id=\"3f7b32c\" data-element_type=\"container\" data-settings=\"{&quot;background_background&quot;:&quot;classic&quot;}\">\n\t\t\t\t\t<div class=\"e-con-inner\">\n\t\t\t\t<div class=\"elementor-element elementor-element-7f9092b elementor-widget elementor-widget-image-carousel\" data-id=\"7f9092b\" data-element_type=\"widget\" data-settings=\"{&quot;slides_to_show&quot;:&quot;3&quot;,&quot;slides_to_scroll&quot;:&quot;1&quot;,&quot;navigation&quot;:&quot;none&quot;,&quot;image_spacing_custom&quot;:{&quot;unit&quot;:&quot;px&quot;,&quot;size&quot;:7,&quot;sizes&quot;:[]},&quot;autoplay&quot;:&quot;yes&quot;,&quot;autoplay_speed&quot;:5000,&quot;infinite&quot;:&quot;yes&quot;,&quot;speed&quot;:500,&quot;image_spacing_custom_tablet&quot;:{&quot;unit&quot;:&quot;px&quot;,&quot;size&quot;:&quot;&quot;,&quot;sizes&quot;:[]},&quot;image_spacing_custom_mobile&quot;:{&quot;unit&quot;:&quot;px&quot;,&quot;size&quot;:&quot;&quot;,&quot;sizes&quot;:[]}}\" data-widget_type=\"image-carousel.default\">\n\t\t\t\t<div class=\"elementor-widget-container\">\n\t\t\t\t\t\t\t<div class=\"elementor-image-carousel-wrapper swiper\" role=\"region\" aria-roledescription=\"carousel\" aria-label=\"Image Carousel\" dir=\"ltr\">\n\t\t\t<div class=\"elementor-image-carousel swiper-wrapper\" aria-live=\"off\">\n\t\t\t\t\t\t\t\t<div class=\"swiper-slide\" role=\"group\" aria-roledescription=\"slide\" aria-label=\"1 od 4\" data-no-translation-aria-label=\"\"><figure class=\"swiper-slide-inner\"><img decoding=\"async\" class=\"swiper-slide-image\" src=\"https:\/\/www.artbottega.hr\/wp-content\/uploads\/2024\/12\/Kids_neon_pojedinacna-scaled.jpg\" alt=\"Kids_neon_pojedina\u010dna\" \/><\/figure><\/div><div class=\"swiper-slide\" role=\"group\" aria-roledescription=\"slide\" aria-label=\"2 od 4\" data-no-translation-aria-label=\"\"><figure class=\"swiper-slide-inner\"><img decoding=\"async\" class=\"swiper-slide-image\" src=\"https:\/\/www.artbottega.hr\/wp-content\/uploads\/2024\/12\/kids_slikanje_grupna-2-scaled.jpg\" alt=\"kids_slikanje_grupna 2\" \/><\/figure><\/div><div class=\"swiper-slide\" role=\"group\" aria-roledescription=\"slide\" aria-label=\"3 od 4\" data-no-translation-aria-label=\"\"><figure class=\"swiper-slide-inner\"><img decoding=\"async\" class=\"swiper-slide-image\" src=\"https:\/\/www.artbottega.hr\/wp-content\/uploads\/2024\/12\/Keramika_web_1_1.png\" alt=\"Keramika_web_1_1\" \/><\/figure><\/div><div class=\"swiper-slide\" role=\"group\" aria-roledescription=\"slide\" aria-label=\"4 od 4\" data-no-translation-aria-label=\"\"><figure class=\"swiper-slide-inner\"><img decoding=\"async\" class=\"swiper-slide-image\" src=\"https:\/\/www.artbottega.hr\/wp-content\/uploads\/2025\/11\/5N4A3625-scaled.jpg\" alt=\"5N4A3625\" \/><\/figure><\/div>\t\t\t<\/div>\n\t\t\t\t\t\t\t\n\t\t\t\t\t\t\t\t\t<\/div>\n\t\t\t\t\t\t<\/div>\n\t\t\t\t<\/div>\n\t\t\t\t\t<\/div>\n\t\t\t\t<\/div>\n\t\t<div class=\"elementor-element elementor-element-5f0e576 e-con-full e-flex e-con e-parent\" data-id=\"5f0e576\" data-element_type=\"container\" id=\"upit2\" data-settings=\"{&quot;background_background&quot;:&quot;classic&quot;}\">\n\t\t\t\t<div class=\"elementor-element elementor-element-4fd6e70 elementor-button-align-center elementor-widget__width-initial elementor-widget elementor-widget-form\" data-id=\"4fd6e70\" data-element_type=\"widget\" data-settings=\"{&quot;step_next_label&quot;:&quot;Next&quot;,&quot;step_previous_label&quot;:&quot;Previous&quot;,&quot;button_width&quot;:&quot;100&quot;,&quot;step_type&quot;:&quot;number_text&quot;,&quot;step_icon_shape&quot;:&quot;circle&quot;}\" data-widget_type=\"form.default\">\n\t\t\t\t<div class=\"elementor-widget-container\">\n\t\t\t\t\t\t\t<form class=\"elementor-form\" method=\"post\" name=\"Proslava Ro\u0111endana\" aria-label=\"Proslava Ro\u0111endana\" action=\"\">\n\t\t\t<input type=\"hidden\" name=\"post_id\" value=\"98076\"\/>\n\t\t\t<input type=\"hidden\" name=\"form_id\" value=\"4fd6e70\"\/>\n\t\t\t<input type=\"hidden\" name=\"referer_title\" value=\"Dje\u010dije radionice - Art Bottega Studio - Wine and Paint\" \/>\n\n\t\t\t\t\t\t\t<input type=\"hidden\" name=\"queried_id\" value=\"98076\"\/>\n\t\t\t\n\t\t\t<div class=\"elementor-form-fields-wrapper elementor-labels-above\">\n\t\t\t\t\t\t\t\t<div class=\"elementor-field-type-text elementor-field-group elementor-column elementor-field-group-name elementor-col-50 elementor-field-required\">\n\t\t\t\t\t\t\t\t\t\t\t\t<label for=\"form-field-name\" class=\"elementor-field-label\">\n\t\t\t\t\t\t\t\tCompany name\t\t\t\t\t\t\t<\/label>\n\t\t\t\t\t\t\t\t\t\t\t\t\t\t<input size=\"1\" type=\"text\" name=\"form_fields[name]\" id=\"form-field-name\" class=\"elementor-field elementor-size-sm  elementor-field-textual\" placeholder=\"First and last name\" required=\"required\">\n\t\t\t\t\t\t\t\t\t\t\t<\/div>\n\t\t\t\t\t\t\t\t<div class=\"elementor-field-type-email elementor-field-group elementor-column elementor-field-group-email elementor-col-50 elementor-field-required\">\n\t\t\t\t\t\t\t\t\t\t\t\t<label for=\"form-field-email\" class=\"elementor-field-label\">\n\t\t\t\t\t\t\t\tEmail*\t\t\t\t\t\t\t<\/label>\n\t\t\t\t\t\t\t\t\t\t\t\t\t\t<input size=\"1\" type=\"email\" name=\"form_fields[email]\" id=\"form-field-email\" class=\"elementor-field elementor-size-sm  elementor-field-textual\" placeholder=\"Email\" required=\"required\">\n\t\t\t\t\t\t\t\t\t\t\t<\/div>\n\t\t\t\t\t\t\t\t<div class=\"elementor-field-type-text elementor-field-group elementor-column elementor-field-group-field_d208683 elementor-col-50 elementor-field-required\">\n\t\t\t\t\t\t\t\t\t\t\t\t<label for=\"form-field-field_d208683\" class=\"elementor-field-label\">\n\t\t\t\t\t\t\t\tPhone number\t\t\t\t\t\t\t<\/label>\n\t\t\t\t\t\t\t\t\t\t\t\t\t\t<input size=\"1\" type=\"text\" name=\"form_fields[field_d208683]\" id=\"form-field-field_d208683\" class=\"elementor-field elementor-size-sm  elementor-field-textual\" placeholder=\"Broj mobitela\" required=\"required\">\n\t\t\t\t\t\t\t\t\t\t\t<\/div>\n\t\t\t\t\t\t\t\t<div class=\"elementor-field-type-select elementor-field-group elementor-column elementor-field-group-field_d29ce84 elementor-col-50 elementor-field-required\">\n\t\t\t\t\t\t\t\t\t\t\t\t<label for=\"form-field-field_d29ce84\" class=\"elementor-field-label\">\n\t\t\t\t\t\t\t\tActivity\t\t\t\t\t\t\t<\/label>\n\t\t\t\t\t\t\t\t<div class=\"elementor-field elementor-select-wrapper remove-before\">\n\t\t\t<div class=\"select-caret-down-wrapper\">\n\t\t\t\t<i aria-hidden=\"true\" class=\"eicon-caret-down\"><\/i>\t\t\t<\/div>\n\t\t\t<select name=\"form_fields[field_d29ce84]\" id=\"form-field-field_d29ce84\" class=\"elementor-field-textual elementor-size-sm\" required=\"required\">\n\t\t\t\t\t\t\t\t\t<option value=\"Wine &amp; paint - slikarska zabava\">Wine &amp; paint - slikarska zabava<\/option>\n\t\t\t\t\t\t\t\t\t<option value=\"Clay &amp; cork - oslikavanje keramike\">Clay &amp; cork - oslikavanje keramike<\/option>\n\t\t\t\t\t\t\t\t\t<option value=\"Glow &amp; flow - neonsko slikanje\">Glow &amp; flow - neonsko slikanje<\/option>\n\t\t\t\t\t\t\t\t\t<option value=\"Sip &amp; shine - beauty zabava\">Sip &amp; shine - beauty zabava<\/option>\n\t\t\t\t\t\t\t\t\t<option value=\"Kids &amp; paint - slikarska zabava za djecu\">Kids &amp; paint - slikarska zabava za djecu<\/option>\n\t\t\t\t\t\t\t<\/select>\n\t\t<\/div>\n\t\t\t\t\t\t<\/div>\n\t\t\t\t\t\t\t\t<div class=\"elementor-field-type-number elementor-field-group elementor-column elementor-field-group-field_d4e79d4 elementor-col-50\">\n\t\t\t\t\t\t\t\t\t\t\t\t<label for=\"form-field-field_d4e79d4\" class=\"elementor-field-label\">\n\t\t\t\t\t\t\t\tBroj sudionika (okvirno)\t\t\t\t\t\t\t<\/label>\n\t\t\t\t\t\t\t\t\t<input type=\"number\" name=\"form_fields[field_d4e79d4]\" id=\"form-field-field_d4e79d4\" class=\"elementor-field elementor-size-sm  elementor-field-textual\" placeholder=\"Number of people\" min=\"\" max=\"\" >\n\t\t\t\t\t\t<\/div>\n\t\t\t\t\t\t\t\t<div class=\"elementor-field-type-select elementor-field-group elementor-column elementor-field-group-field_9af6ef9 elementor-col-50 elementor-field-required\">\n\t\t\t\t\t\t\t\t\t\t\t\t<label for=\"form-field-field_9af6ef9\" class=\"elementor-field-label\">\n\t\t\t\t\t\t\t\tEvent location\t\t\t\t\t\t\t<\/label>\n\t\t\t\t\t\t\t\t<div class=\"elementor-field elementor-select-wrapper remove-before\">\n\t\t\t<div class=\"select-caret-down-wrapper\">\n\t\t\t\t<i aria-hidden=\"true\" class=\"eicon-caret-down\"><\/i>\t\t\t<\/div>\n\t\t\t<select name=\"form_fields[field_9af6ef9]\" id=\"form-field-field_9af6ef9\" class=\"elementor-field-textual elementor-size-sm\" required=\"required\">\n\t\t\t\t\t\t\t\t\t<option value=\"Split\">Split<\/option>\n\t\t\t\t\t\t\t\t\t<option value=\"Zagreb\">Zagreb<\/option>\n\t\t\t\t\t\t\t\t\t<option value=\"Zadar\">Zadar<\/option>\n\t\t\t\t\t\t\t\t\t<option value=\"Rijeka\">Rijeka<\/option>\n\t\t\t\t\t\t\t\t\t<option value=\"Privatna lokacija \">Privatna lokacija <\/option>\n\t\t\t\t\t\t\t<\/select>\n\t\t<\/div>\n\t\t\t\t\t\t<\/div>\n\t\t\t\t\t\t\t\t<div class=\"elementor-field-type-date elementor-field-group elementor-column elementor-field-group-field_494606a elementor-col-50\">\n\t\t\t\t\t\t\t\t\t\t\t\t<label for=\"form-field-field_494606a\" class=\"elementor-field-label\">\n\t\t\t\t\t\t\t\tExpected date\t\t\t\t\t\t\t<\/label>\n\t\t\t\t\t\t\n\t\t<input type=\"date\" name=\"form_fields[field_494606a]\" id=\"form-field-field_494606a\" class=\"elementor-field elementor-size-sm  elementor-field-textual elementor-date-field\" placeholder=\"Expected date\" pattern=\"[0-9]{4}-[0-9]{2}-[0-9]{2}\">\n\t\t\t\t\t\t<\/div>\n\t\t\t\t\t\t\t\t<div class=\"elementor-field-type-text elementor-field-group elementor-column elementor-field-group-field_baef804 elementor-col-50\">\n\t\t\t\t\t\t\t\t\t\t\t\t<label for=\"form-field-field_baef804\" class=\"elementor-field-label\">\n\t\t\t\t\t\t\t\tPlanirani po\u010detak (okvirno)\t\t\t\t\t\t\t<\/label>\n\t\t\t\t\t\t\t\t\t\t\t\t\t\t<input size=\"1\" type=\"text\" name=\"form_fields[field_baef804]\" id=\"form-field-field_baef804\" class=\"elementor-field elementor-size-sm  elementor-field-textual\" placeholder=\"Upi\u0161ite planirano vrijeme (neobavezno)\">\n\t\t\t\t\t\t\t\t\t\t\t<\/div>\n\t\t\t\t\t\t\t\t<div class=\"elementor-field-type-text elementor-field-group elementor-column elementor-field-group-field_1ef7230 elementor-col-100\">\n\t\t\t\t\t\t\t\t\t\t\t\t<label for=\"form-field-field_1ef7230\" class=\"elementor-field-label\">\n\t\t\t\t\t\t\t\tIf you need R1 invoice\t\t\t\t\t\t\t<\/label>\n\t\t\t\t\t\t\t\t\t\t\t\t\t\t<input size=\"1\" type=\"text\" name=\"form_fields[field_1ef7230]\" id=\"form-field-field_1ef7230\" class=\"elementor-field elementor-size-sm  elementor-field-textual\" placeholder=\"Company name, company headquarters, adress, OIB\">\n\t\t\t\t\t\t\t\t\t\t\t<\/div>\n\t\t\t\t\t\t\t\t<div class=\"elementor-field-type-textarea elementor-field-group elementor-column elementor-field-group-message elementor-col-100\">\n\t\t\t\t\t\t\t\t\t\t\t\t<label for=\"form-field-message\" class=\"elementor-field-label\">\n\t\t\t\t\t\t\t\tExtra details\t\t\t\t\t\t\t<\/label>\n\t\t\t\t\t\t<textarea class=\"elementor-field-textual elementor-field  elementor-size-sm\" name=\"form_fields[message]\" id=\"form-field-message\" rows=\"4\" placeholder=\"Extra details\"><\/textarea>\t\t\t\t<\/div>\n\t\t\t\t\t\t\t\t<div class=\"elementor-field-group elementor-column elementor-field-type-submit elementor-col-100 e-form__buttons\">\n\t\t\t\t\t<button class=\"elementor-button elementor-size-sm\" type=\"submit\">\n\t\t\t\t\t\t<span class=\"elementor-button-content-wrapper\">\n\t\t\t\t\t\t\t\t\t\t\t\t\t\t\t\t\t\t\t\t\t\t<span class=\"elementor-button-text\">Send<\/span>\n\t\t\t\t\t\t\t\t\t\t\t\t\t<\/span>\n\t\t\t\t\t<\/button>\n\t\t\t\t<\/div>\n\t\t\t<\/div>\n\t\t<input type=\"hidden\" name=\"trp-form-language\" value=\"en\"\/><\/form>\n\t\t\t\t\t\t<\/div>\n\t\t\t\t<\/div>\n\t\t\t\t<\/div>\n\t\t<div class=\"elementor-element elementor-element-ad121be e-flex e-con-boxed e-con e-parent\" data-id=\"ad121be\" data-element_type=\"container\">\n\t\t\t\t\t<div class=\"e-con-inner\">\n\t\t\t\t\t<\/div>\n\t\t\t\t<\/div>\n\t\t\t\t<\/div>","protected":false},"excerpt":{"rendered":"<p>Iskustvo za pam\u0107enje \u2013 kreativne i zabavne radionice Dje\u010dje radionice u Art Bottegi Zaboravite klasi\u010dne dje\u010dje radionice! U Art Bottegi se zabavljamo i u\u010dimo uz boje, platna, osmijehe i kretivnu zabavu.\u00a0Pru\u017eite svojoj djeci novo i jedinstveno iskustvo te im pru\u017eite dan kakav \u0107e dugo pamtiti! Po\u0161alji upit<\/p>","protected":false},"author":13,"featured_media":0,"parent":0,"menu_order":0,"comment_status":"closed","ping_status":"closed","template":"","meta":{"_acf_changed":false,"footnotes":""},"class_list":["post-98076","page","type-page","status-publish","hentry"],"acf":[],"_links":{"self":[{"href":"https:\/\/www.artbottega.hr\/en\/wp-json\/wp\/v2\/pages\/98076","targetHints":{"allow":["GET"]}}],"collection":[{"href":"https:\/\/www.artbottega.hr\/en\/wp-json\/wp\/v2\/pages"}],"about":[{"href":"https:\/\/www.artbottega.hr\/en\/wp-json\/wp\/v2\/types\/page"}],"author":[{"embeddable":true,"href":"https:\/\/www.artbottega.hr\/en\/wp-json\/wp\/v2\/users\/13"}],"replies":[{"embeddable":true,"href":"https:\/\/www.artbottega.hr\/en\/wp-json\/wp\/v2\/comments?post=98076"}],"version-history":[{"count":9,"href":"https:\/\/www.artbottega.hr\/en\/wp-json\/wp\/v2\/pages\/98076\/revisions"}],"predecessor-version":[{"id":104310,"href":"https:\/\/www.artbottega.hr\/en\/wp-json\/wp\/v2\/pages\/98076\/revisions\/104310"}],"wp:attachment":[{"href":"https:\/\/www.artbottega.hr\/en\/wp-json\/wp\/v2\/media?parent=98076"}],"curies":[{"name":"wp","href":"https:\/\/api.w.org\/{rel}","templated":true}]}}