{"id":82703,"date":"2024-11-27T18:07:46","date_gmt":"2024-11-27T18:07:46","guid":{"rendered":"https:\/\/www.artbottega.hr\/?page_id=82703"},"modified":"2025-10-31T12:12:44","modified_gmt":"2025-10-31T11:12:44","slug":"faq-cesto-postavljana-pitanja","status":"publish","type":"page","link":"https:\/\/www.artbottega.hr\/en\/faq-cesto-postavljana-pitanja\/","title":{"rendered":"FAQ: \u010cesto postavljana pitanja"},"content":{"rendered":"<div data-elementor-type=\"wp-page\" data-elementor-id=\"82703\" class=\"elementor elementor-82703\" data-elementor-post-type=\"page\">\n\t\t\t\t<div class=\"elementor-element elementor-element-658759b e-flex e-con-boxed e-con e-parent\" data-id=\"658759b\" data-element_type=\"container\" data-settings=\"{&quot;background_background&quot;:&quot;classic&quot;}\">\n\t\t\t\t\t<div class=\"e-con-inner\">\n\t\t\t\t<div class=\"elementor-element elementor-element-82408d9 elementor-widget elementor-widget-heading\" data-id=\"82408d9\" data-element_type=\"widget\" data-widget_type=\"heading.default\">\n\t\t\t\t<div class=\"elementor-widget-container\">\n\t\t\t\t\t<h2 class=\"elementor-heading-title elementor-size-default\">FAQ: \u010cesto postavljana pitanja<\/h2>\t\t\t\t<\/div>\n\t\t\t\t<\/div>\n\t\t\t\t<div class=\"elementor-element elementor-element-4740e77 elementor-widget elementor-widget-n-accordion\" data-id=\"4740e77\" data-element_type=\"widget\" data-settings=\"{&quot;default_state&quot;:&quot;expanded&quot;,&quot;max_items_expended&quot;:&quot;one&quot;,&quot;n_accordion_animation_duration&quot;:{&quot;unit&quot;:&quot;ms&quot;,&quot;size&quot;:400,&quot;sizes&quot;:[]}}\" data-widget_type=\"nested-accordion.default\">\n\t\t\t\t<div class=\"elementor-widget-container\">\n\t\t\t\t\t\t\t<div class=\"e-n-accordion\" aria-label=\"Accordion. Open links with Enter or Space, close with Escape, and navigate with Arrow Keys\">\n\t\t\t\t\t\t<details id=\"e-n-accordion-item-7470\" class=\"e-n-accordion-item\" open>\n\t\t\t\t<summary class=\"e-n-accordion-item-title\" data-accordion-index=\"1\" tabindex=\"0\" aria-expanded=\"true\" aria-controls=\"e-n-accordion-item-7470\" >\n\t\t\t\t\t<span class='e-n-accordion-item-title-header'><div class=\"e-n-accordion-item-title-text\"> Moram li unaprijed rezervirati mjesta? <\/div><\/span>\n\t\t\t\t\t\t\t<span class='e-n-accordion-item-title-icon'>\n\t\t\t<span class='e-opened' ><i aria-hidden=\"true\" class=\"fas fa-minus\"><\/i><\/span>\n\t\t\t<span class='e-closed'><i aria-hidden=\"true\" class=\"fas fa-plus\"><\/i><\/span>\n\t\t<\/span>\n\n\t\t\t\t\t\t<\/summary>\n\t\t\t\t<div role=\"region\" aria-labelledby=\"e-n-accordion-item-7470\" class=\"elementor-element elementor-element-b80dc18 e-con-full e-flex e-con e-child\" data-id=\"b80dc18\" data-element_type=\"container\">\n\t\t\t\t<div class=\"elementor-element elementor-element-70f95a0 elementor-widget elementor-widget-text-editor\" data-id=\"70f95a0\" data-element_type=\"widget\" data-widget_type=\"text-editor.default\">\n\t\t\t\t<div class=\"elementor-widget-container\">\n\t\t\t\t\t\t\t\t\t<p>Da, potrebno je unaprijed rezervirati mjesta za \u017eeljeni termin, nije mogu\u0107e do\u0107i bez prethodne rezervacije.<\/p>\t\t\t\t\t\t\t\t<\/div>\n\t\t\t\t<\/div>\n\t\t\t\t<\/div>\n\t\t\t\t\t<\/details>\n\t\t\t\t\t\t<details id=\"e-n-accordion-item-7471\" class=\"e-n-accordion-item\" >\n\t\t\t\t<summary class=\"e-n-accordion-item-title\" data-accordion-index=\"2\" tabindex=\"-1\" aria-expanded=\"false\" aria-controls=\"e-n-accordion-item-7471\" >\n\t\t\t\t\t<span class='e-n-accordion-item-title-header'><div class=\"e-n-accordion-item-title-text\"> Kako mogu rezervirati mjesta za \u017eeljeni termin? <\/div><\/span>\n\t\t\t\t\t\t\t<span class='e-n-accordion-item-title-icon'>\n\t\t\t<span class='e-opened' ><i aria-hidden=\"true\" class=\"fas fa-minus\"><\/i><\/span>\n\t\t\t<span class='e-closed'><i aria-hidden=\"true\" class=\"fas fa-plus\"><\/i><\/span>\n\t\t<\/span>\n\n\t\t\t\t\t\t<\/summary>\n\t\t\t\t<div role=\"region\" aria-labelledby=\"e-n-accordion-item-7471\" class=\"elementor-element elementor-element-183569c e-con-full e-flex e-con e-child\" data-id=\"183569c\" data-element_type=\"container\">\n\t\t\t\t<div class=\"elementor-element elementor-element-5f1fcdb elementor-widget elementor-widget-text-editor\" data-id=\"5f1fcdb\" data-element_type=\"widget\" data-widget_type=\"text-editor.default\">\n\t\t\t\t<div class=\"elementor-widget-container\">\n\t\t\t\t\t\t\t\t\t<p>Sve rezervacije vr\u0161e se isklju\u010divo putem na\u0161e web stranice na na\u010din da: Odaberite \u201cRezerviraj svoje mjesto\u201d \u300bodaberete raspolo\u017eivu temu ili termin \u300bdodate broj mjesta \u300bnaru\u010dite te popunite tra\u017eene podatke \u300bkliknete \u201cDovr\u0161i rezervaciju\u201d. Ukoliko je odre\u0111ena tema rasprodana, ne brinite sigurno \u0107emo je u narednom vremenu ponoviti. U me\u0111uvremenu, predla\u017eemo vam da odaberete jedan od trenutno dostupnih termina.<\/p>\t\t\t\t\t\t\t\t<\/div>\n\t\t\t\t<\/div>\n\t\t\t\t<\/div>\n\t\t\t\t\t<\/details>\n\t\t\t\t\t\t<details id=\"e-n-accordion-item-7472\" class=\"e-n-accordion-item\" >\n\t\t\t\t<summary class=\"e-n-accordion-item-title\" data-accordion-index=\"3\" tabindex=\"-1\" aria-expanded=\"false\" aria-controls=\"e-n-accordion-item-7472\" >\n\t\t\t\t\t<span class='e-n-accordion-item-title-header'><div class=\"e-n-accordion-item-title-text\"> Mogu li rezervirati mjesta telefonski? <\/div><\/span>\n\t\t\t\t\t\t\t<span class='e-n-accordion-item-title-icon'>\n\t\t\t<span class='e-opened' ><i aria-hidden=\"true\" class=\"fas fa-minus\"><\/i><\/span>\n\t\t\t<span class='e-closed'><i aria-hidden=\"true\" class=\"fas fa-plus\"><\/i><\/span>\n\t\t<\/span>\n\n\t\t\t\t\t\t<\/summary>\n\t\t\t\t<div role=\"region\" aria-labelledby=\"e-n-accordion-item-7472\" class=\"elementor-element elementor-element-a938d41 e-con-full e-flex e-con e-child\" data-id=\"a938d41\" data-element_type=\"container\">\n\t\t\t\t<div class=\"elementor-element elementor-element-2a25ab9 elementor-widget elementor-widget-text-editor\" data-id=\"2a25ab9\" data-element_type=\"widget\" data-widget_type=\"text-editor.default\">\n\t\t\t\t<div class=\"elementor-widget-container\">\n\t\t\t\t\t\t\t\t\t<p>Ne, sve rezervacije vr\u0161e se isklju\u010divo online putem na\u0161e web stranice.<\/p>\t\t\t\t\t\t\t\t<\/div>\n\t\t\t\t<\/div>\n\t\t\t\t<\/div>\n\t\t\t\t\t<\/details>\n\t\t\t\t\t\t<details id=\"e-n-accordion-item-7473\" class=\"e-n-accordion-item\" >\n\t\t\t\t<summary class=\"e-n-accordion-item-title\" data-accordion-index=\"4\" tabindex=\"-1\" aria-expanded=\"false\" aria-controls=\"e-n-accordion-item-7473\" >\n\t\t\t\t\t<span class='e-n-accordion-item-title-header'><div class=\"e-n-accordion-item-title-text\"> Gdje mogu odabrati odre\u0111enu temu? <\/div><\/span>\n\t\t\t\t\t\t\t<span class='e-n-accordion-item-title-icon'>\n\t\t\t<span class='e-opened' ><i aria-hidden=\"true\" class=\"fas fa-minus\"><\/i><\/span>\n\t\t\t<span class='e-closed'><i aria-hidden=\"true\" class=\"fas fa-plus\"><\/i><\/span>\n\t\t<\/span>\n\n\t\t\t\t\t\t<\/summary>\n\t\t\t\t<div role=\"region\" aria-labelledby=\"e-n-accordion-item-7473\" class=\"elementor-element elementor-element-94aadc2 e-flex e-con-boxed e-con e-child\" data-id=\"94aadc2\" data-element_type=\"container\">\n\t\t\t\t\t<div class=\"e-con-inner\">\n\t\t\t\t<div class=\"elementor-element elementor-element-3119135 elementor-widget elementor-widget-text-editor\" data-id=\"3119135\" data-element_type=\"widget\" data-widget_type=\"text-editor.default\">\n\t\t\t\t<div class=\"elementor-widget-container\">\n\t\t\t\t\t\t\t\t\t<p>Odaberite \u201cRezerviraj svoje mjesto\u201d te u kategoriji va\u0161eg grada, za svaki pojedini termin nakon \u0161to ga odaberete pi\u0161e raspolo\u017eivost mjesta, lokacija i vrijeme odr\u017eavanja Pineli &amp; Vino doga\u0111aja te cijena.<\/p>\t\t\t\t\t\t\t\t<\/div>\n\t\t\t\t<\/div>\n\t\t\t\t\t<\/div>\n\t\t\t\t<\/div>\n\t\t\t\t\t<\/details>\n\t\t\t\t\t\t<details id=\"e-n-accordion-item-7474\" class=\"e-n-accordion-item\" >\n\t\t\t\t<summary class=\"e-n-accordion-item-title\" data-accordion-index=\"5\" tabindex=\"-1\" aria-expanded=\"false\" aria-controls=\"e-n-accordion-item-7474\" >\n\t\t\t\t\t<span class='e-n-accordion-item-title-header'><div class=\"e-n-accordion-item-title-text\"> Kada izlaze novi termini? <\/div><\/span>\n\t\t\t\t\t\t\t<span class='e-n-accordion-item-title-icon'>\n\t\t\t<span class='e-opened' ><i aria-hidden=\"true\" class=\"fas fa-minus\"><\/i><\/span>\n\t\t\t<span class='e-closed'><i aria-hidden=\"true\" class=\"fas fa-plus\"><\/i><\/span>\n\t\t<\/span>\n\n\t\t\t\t\t\t<\/summary>\n\t\t\t\t<div role=\"region\" aria-labelledby=\"e-n-accordion-item-7474\" class=\"elementor-element elementor-element-23b6edd e-flex e-con-boxed e-con e-child\" data-id=\"23b6edd\" data-element_type=\"container\">\n\t\t\t\t\t<div class=\"e-con-inner\">\n\t\t\t\t<div class=\"elementor-element elementor-element-22a09bb elementor-widget elementor-widget-text-editor\" data-id=\"22a09bb\" data-element_type=\"widget\" data-widget_type=\"text-editor.default\">\n\t\t\t\t<div class=\"elementor-widget-container\">\n\t\t\t\t\t\t\t\t\t<p>Mjese\u010dni kalendar i termini za naredni mjesec izlaze oko 20og u teku\u0107em mjesecu. Ukoliko je odre\u0111ena tema rasprodana, ne brinite sigurno \u0107emo je u narednom vremenu ponoviti. U me\u0111uvremenu, predla\u017eemo vam da odaberete jedan od trenutno dostupnih termina.<\/p>\t\t\t\t\t\t\t\t<\/div>\n\t\t\t\t<\/div>\n\t\t\t\t\t<\/div>\n\t\t\t\t<\/div>\n\t\t\t\t\t<\/details>\n\t\t\t\t\t\t<details id=\"e-n-accordion-item-7475\" class=\"e-n-accordion-item\" >\n\t\t\t\t<summary class=\"e-n-accordion-item-title\" data-accordion-index=\"6\" tabindex=\"-1\" aria-expanded=\"false\" aria-controls=\"e-n-accordion-item-7475\" >\n\t\t\t\t\t<span class='e-n-accordion-item-title-header'><div class=\"e-n-accordion-item-title-text\"> \u0160to ako moram otkazati rezervaciju? <\/div><\/span>\n\t\t\t\t\t\t\t<span class='e-n-accordion-item-title-icon'>\n\t\t\t<span class='e-opened' ><i aria-hidden=\"true\" class=\"fas fa-minus\"><\/i><\/span>\n\t\t\t<span class='e-closed'><i aria-hidden=\"true\" class=\"fas fa-plus\"><\/i><\/span>\n\t\t<\/span>\n\n\t\t\t\t\t\t<\/summary>\n\t\t\t\t<div role=\"region\" aria-labelledby=\"e-n-accordion-item-7475\" class=\"elementor-element elementor-element-b50a861 e-flex e-con-boxed e-con e-child\" data-id=\"b50a861\" data-element_type=\"container\">\n\t\t\t\t\t<div class=\"e-con-inner\">\n\t\t\t\t<div class=\"elementor-element elementor-element-6220951 elementor-widget elementor-widget-text-editor\" data-id=\"6220951\" data-element_type=\"widget\" data-widget_type=\"text-editor.default\">\n\t\t\t\t<div class=\"elementor-widget-container\">\n\t\t\t\t\t\t\t\t\t<p>Ukoliko biste htjeli iz bilo kojih razloga otkazati rezervaciju, va\u0161a sredstava bismo vratili u potpunosti ako je otkazivanje do tjedan dana ranije, a sve do dan ranije bismo vam izdali vau\u010der s kodom kojeg mo\u017eete iskoristiti pri idu\u0107oj rezervaciji, a vrijedi 3 mjeseca.<\/p>\t\t\t\t\t\t\t\t<\/div>\n\t\t\t\t<\/div>\n\t\t\t\t<div class=\"elementor-element elementor-element-b802cb4 elementor-align-center elementor-widget elementor-widget-button\" data-id=\"b802cb4\" data-element_type=\"widget\" data-widget_type=\"button.default\">\n\t\t\t\t<div class=\"elementor-widget-container\">\n\t\t\t\t\t\t\t\t\t<div class=\"elementor-button-wrapper\">\n\t\t\t\t\t<a class=\"elementor-button elementor-button-link elementor-size-sm\" href=\"https:\/\/www.artbottega.hr\/en\/otkazi-rezervaciju\/\">\n\t\t\t\t\t\t<span class=\"elementor-button-content-wrapper\">\n\t\t\t\t\t\t\t\t\t<span class=\"elementor-button-text\">Otka\u017ei rezervaciju<\/span>\n\t\t\t\t\t<\/span>\n\t\t\t\t\t<\/a>\n\t\t\t\t<\/div>\n\t\t\t\t\t\t\t\t<\/div>\n\t\t\t\t<\/div>\n\t\t\t\t\t<\/div>\n\t\t\t\t<\/div>\n\t\t\t\t\t<\/details>\n\t\t\t\t\t\t<details id=\"e-n-accordion-item-7476\" class=\"e-n-accordion-item\" >\n\t\t\t\t<summary class=\"e-n-accordion-item-title\" data-accordion-index=\"7\" tabindex=\"-1\" aria-expanded=\"false\" aria-controls=\"e-n-accordion-item-7476\" >\n\t\t\t\t\t<span class='e-n-accordion-item-title-header'><div class=\"e-n-accordion-item-title-text\"> Mogu li nekome darovati Pineli &amp; Vino ulaznice? <\/div><\/span>\n\t\t\t\t\t\t\t<span class='e-n-accordion-item-title-icon'>\n\t\t\t<span class='e-opened' ><i aria-hidden=\"true\" class=\"fas fa-minus\"><\/i><\/span>\n\t\t\t<span class='e-closed'><i aria-hidden=\"true\" class=\"fas fa-plus\"><\/i><\/span>\n\t\t<\/span>\n\n\t\t\t\t\t\t<\/summary>\n\t\t\t\t<div role=\"region\" aria-labelledby=\"e-n-accordion-item-7476\" class=\"elementor-element elementor-element-2e0d38b e-flex e-con-boxed e-con e-child\" data-id=\"2e0d38b\" data-element_type=\"container\">\n\t\t\t\t\t<div class=\"e-con-inner\">\n\t\t\t\t<div class=\"elementor-element elementor-element-c41154c elementor-widget elementor-widget-text-editor\" data-id=\"c41154c\" data-element_type=\"widget\" data-widget_type=\"text-editor.default\">\n\t\t\t\t<div class=\"elementor-widget-container\">\n\t\t\t\t\t\t\t\t\t<p>Naravno, u na\u0161oj ponudi imamo Poklon bon ulaznice, kupnja se vr\u0161i putem na\u0161e stranice kategorija \ud835\ude17\ud835\ude30\ud835\ude2c\ud835\ude2d\ud835\ude30\ud835\ude2f \ud835\ude23\ud835\ude30\ud835\ude2f\u00a0 gdje upisujete ime osobe koju \u017eelite darovati, kao i broj ulaznica koje joj \u017eelite pokloniti. Upisuju\u0107i e-mail osobe koju darujete, osoba prima poklon bon u digitalnom obliku (Pdf format). Druga opcija je da upi\u0161ete vlastiti e-mail nakon \u010dega poklon bon mo\u017eete isprintati i fizi\u010dki ga uru\u010diti nekome. Trenutno nemamo mogu\u0107nost preuzimanja Poklon bon-a kod nas u studiju.<\/p>\t\t\t\t\t\t\t\t<\/div>\n\t\t\t\t<\/div>\n\t\t\t\t<div class=\"elementor-element elementor-element-8b7a097 elementor-align-center elementor-widget elementor-widget-button\" data-id=\"8b7a097\" data-element_type=\"widget\" data-widget_type=\"button.default\">\n\t\t\t\t<div class=\"elementor-widget-container\">\n\t\t\t\t\t\t\t\t\t<div class=\"elementor-button-wrapper\">\n\t\t\t\t\t<a class=\"elementor-button elementor-button-link elementor-size-sm\" href=\"https:\/\/www.artbottega.hr\/en\/poklon-bon\/\">\n\t\t\t\t\t\t<span class=\"elementor-button-content-wrapper\">\n\t\t\t\t\t\t\t\t\t<span class=\"elementor-button-text\">Poklon bon<\/span>\n\t\t\t\t\t<\/span>\n\t\t\t\t\t<\/a>\n\t\t\t\t<\/div>\n\t\t\t\t\t\t\t\t<\/div>\n\t\t\t\t<\/div>\n\t\t\t\t\t<\/div>\n\t\t\t\t<\/div>\n\t\t\t\t\t<\/details>\n\t\t\t\t\t\t<details id=\"e-n-accordion-item-7477\" class=\"e-n-accordion-item\" >\n\t\t\t\t<summary class=\"e-n-accordion-item-title\" data-accordion-index=\"8\" tabindex=\"-1\" aria-expanded=\"false\" aria-controls=\"e-n-accordion-item-7477\" >\n\t\t\t\t\t<span class='e-n-accordion-item-title-header'><div class=\"e-n-accordion-item-title-text\"> Kako mogu iskoristiti poklon bon? <\/div><\/span>\n\t\t\t\t\t\t\t<span class='e-n-accordion-item-title-icon'>\n\t\t\t<span class='e-opened' ><i aria-hidden=\"true\" class=\"fas fa-minus\"><\/i><\/span>\n\t\t\t<span class='e-closed'><i aria-hidden=\"true\" class=\"fas fa-plus\"><\/i><\/span>\n\t\t<\/span>\n\n\t\t\t\t\t\t<\/summary>\n\t\t\t\t<div role=\"region\" aria-labelledby=\"e-n-accordion-item-7477\" class=\"elementor-element elementor-element-7646e89 e-flex e-con-boxed e-con e-child\" data-id=\"7646e89\" data-element_type=\"container\">\n\t\t\t\t\t<div class=\"e-con-inner\">\n\t\t\t\t<div class=\"elementor-element elementor-element-a04c6d5 elementor-widget elementor-widget-text-editor\" data-id=\"a04c6d5\" data-element_type=\"widget\" data-widget_type=\"text-editor.default\">\n\t\t\t\t<div class=\"elementor-widget-container\">\n\t\t\t\t\t\t\t\t\t<p>Ukoliko ste primili Poklon bon karticu na njoj se nalazi jedinstveni kod kojeg je potrebno unijeti prilikom standardnog procesa rezervacije. (vidi gore) Nakon \u0161to odaberete \u017eeljeni termin. U podru\u010dje kupon kod &gt; unijeti jedinstveni kod &gt; primijeni kod &gt; te nakon toga dovr\u0161ite rezervaciju a sustav \u0107e sam automatski uva\u017eiti va\u0161e ulaznice s poklon bona.<\/p>\t\t\t\t\t\t\t\t<\/div>\n\t\t\t\t<\/div>\n\t\t\t\t\t<\/div>\n\t\t\t\t<\/div>\n\t\t\t\t\t<\/details>\n\t\t\t\t\t\t<details id=\"e-n-accordion-item-7478\" class=\"e-n-accordion-item\" >\n\t\t\t\t<summary class=\"e-n-accordion-item-title\" data-accordion-index=\"9\" tabindex=\"-1\" aria-expanded=\"false\" aria-controls=\"e-n-accordion-item-7478\" >\n\t\t\t\t\t<span class='e-n-accordion-item-title-header'><div class=\"e-n-accordion-item-title-text\"> Koliko vrijedi Poklon bon? <\/div><\/span>\n\t\t\t\t\t\t\t<span class='e-n-accordion-item-title-icon'>\n\t\t\t<span class='e-opened' ><i aria-hidden=\"true\" class=\"fas fa-minus\"><\/i><\/span>\n\t\t\t<span class='e-closed'><i aria-hidden=\"true\" class=\"fas fa-plus\"><\/i><\/span>\n\t\t<\/span>\n\n\t\t\t\t\t\t<\/summary>\n\t\t\t\t<div role=\"region\" aria-labelledby=\"e-n-accordion-item-7478\" class=\"elementor-element elementor-element-43d1b8a e-flex e-con-boxed e-con e-child\" data-id=\"43d1b8a\" data-element_type=\"container\">\n\t\t\t\t\t<div class=\"e-con-inner\">\n\t\t\t\t<div class=\"elementor-element elementor-element-b30bfb7 elementor-widget elementor-widget-text-editor\" data-id=\"b30bfb7\" data-element_type=\"widget\" data-widget_type=\"text-editor.default\">\n\t\t\t\t<div class=\"elementor-widget-container\">\n\t\t\t\t\t\t\t\t\t<div class=\"question active\"><div class=\"answer\">Poklon bon vrijedi 6 mjeseci od dana kupnje i mo\u017ee se iskoristiti u nekom od na\u0161ih studija Splitu, Zagrebu, Zadru i Rijeci, za bilo koju redovitu Pineli &amp; Vino ve\u010der.\u00a0<\/div><\/div>\t\t\t\t\t\t\t\t<\/div>\n\t\t\t\t<\/div>\n\t\t\t\t\t<\/div>\n\t\t\t\t<\/div>\n\t\t\t\t\t<\/details>\n\t\t\t\t\t\t<details id=\"e-n-accordion-item-7479\" class=\"e-n-accordion-item\" >\n\t\t\t\t<summary class=\"e-n-accordion-item-title\" data-accordion-index=\"10\" tabindex=\"-1\" aria-expanded=\"false\" aria-controls=\"e-n-accordion-item-7479\" >\n\t\t\t\t\t<span class='e-n-accordion-item-title-header'><div class=\"e-n-accordion-item-title-text\"> Kako mogu rezervirati privatni termin (ro\u0111endan, teambuilding i sl.)? <\/div><\/span>\n\t\t\t\t\t\t\t<span class='e-n-accordion-item-title-icon'>\n\t\t\t<span class='e-opened' ><i aria-hidden=\"true\" class=\"fas fa-minus\"><\/i><\/span>\n\t\t\t<span class='e-closed'><i aria-hidden=\"true\" class=\"fas fa-plus\"><\/i><\/span>\n\t\t<\/span>\n\n\t\t\t\t\t\t<\/summary>\n\t\t\t\t<div role=\"region\" aria-labelledby=\"e-n-accordion-item-7479\" class=\"elementor-element elementor-element-71bb30a e-flex e-con-boxed e-con e-child\" data-id=\"71bb30a\" data-element_type=\"container\">\n\t\t\t\t\t<div class=\"e-con-inner\">\n\t\t\t\t<div class=\"elementor-element elementor-element-38961bd elementor-widget elementor-widget-text-editor\" data-id=\"38961bd\" data-element_type=\"widget\" data-widget_type=\"text-editor.default\">\n\t\t\t\t<div class=\"elementor-widget-container\">\n\t\t\t\t\t\t\t\t\t<p>Ukoliko \u017eelite organizirati privatnu zabavu (ro\u0111endan, teambuilding, djevoja\u010dku ve\u010der, obiteljsko dru\u017eenje i sl.) Art Bottega je savr\u0161eno mjesto za vas. Molimo po\u0161aljite nam upit sa \u017eeljenim datumom, gradom, okvirnim brojem ljudi i ostalim zahtjevima putem na\u0161e mail adrese info@artbottega.hr, a mi \u0107emo vam odgovoriti u najkra\u0107em mogu\u0107em roku.<\/p>\t\t\t\t\t\t\t\t<\/div>\n\t\t\t\t<\/div>\n\t\t\t\t<div class=\"elementor-element elementor-element-52c08b4 elementor-align-center elementor-widget elementor-widget-button\" data-id=\"52c08b4\" data-element_type=\"widget\" data-widget_type=\"button.default\">\n\t\t\t\t<div class=\"elementor-widget-container\">\n\t\t\t\t\t\t\t\t\t<div class=\"elementor-button-wrapper\">\n\t\t\t\t\t<a class=\"elementor-button elementor-button-link elementor-size-sm\" href=\"https:\/\/www.artbottega.hr\/en\/privatni-event\/\">\n\t\t\t\t\t\t<span class=\"elementor-button-content-wrapper\">\n\t\t\t\t\t\t\t\t\t<span class=\"elementor-button-text\">Privatni eventi<\/span>\n\t\t\t\t\t<\/span>\n\t\t\t\t\t<\/a>\n\t\t\t\t<\/div>\n\t\t\t\t\t\t\t\t<\/div>\n\t\t\t\t<\/div>\n\t\t\t\t\t<\/div>\n\t\t\t\t<\/div>\n\t\t\t\t\t<\/details>\n\t\t\t\t\t\t<details id=\"e-n-accordion-item-74710\" class=\"e-n-accordion-item\" >\n\t\t\t\t<summary class=\"e-n-accordion-item-title\" data-accordion-index=\"11\" tabindex=\"-1\" aria-expanded=\"false\" aria-controls=\"e-n-accordion-item-74710\" >\n\t\t\t\t\t<span class='e-n-accordion-item-title-header'><div class=\"e-n-accordion-item-title-text\"> Koliki je kapacitet grupe Pineli &amp; Vino ve\u010deri? <\/div><\/span>\n\t\t\t\t\t\t\t<span class='e-n-accordion-item-title-icon'>\n\t\t\t<span class='e-opened' ><i aria-hidden=\"true\" class=\"fas fa-minus\"><\/i><\/span>\n\t\t\t<span class='e-closed'><i aria-hidden=\"true\" class=\"fas fa-plus\"><\/i><\/span>\n\t\t<\/span>\n\n\t\t\t\t\t\t<\/summary>\n\t\t\t\t<div role=\"region\" aria-labelledby=\"e-n-accordion-item-74710\" class=\"elementor-element elementor-element-6b2ed71 e-flex e-con-boxed e-con e-child\" data-id=\"6b2ed71\" data-element_type=\"container\">\n\t\t\t\t\t<div class=\"e-con-inner\">\n\t\t\t\t<div class=\"elementor-element elementor-element-8c496fb elementor-widget elementor-widget-text-editor\" data-id=\"8c496fb\" data-element_type=\"widget\" data-widget_type=\"text-editor.default\">\n\t\t\t\t<div class=\"elementor-widget-container\">\n\t\t\t\t\t\t\t\t\t<div class=\"question active\"><div class=\"answer\">Kapacitet\u00a0 grupe u na\u0161im studijima je 20 osoba.<\/div><\/div><div class=\"question\"><div class=\"title\">\u00a0<\/div><\/div>\t\t\t\t\t\t\t\t<\/div>\n\t\t\t\t<\/div>\n\t\t\t\t\t<\/div>\n\t\t\t\t<\/div>\n\t\t\t\t\t<\/details>\n\t\t\t\t\t\t<details id=\"e-n-accordion-item-74711\" class=\"e-n-accordion-item\" >\n\t\t\t\t<summary class=\"e-n-accordion-item-title\" data-accordion-index=\"12\" tabindex=\"-1\" aria-expanded=\"false\" aria-controls=\"e-n-accordion-item-74711\" >\n\t\t\t\t\t<span class='e-n-accordion-item-title-header'><div class=\"e-n-accordion-item-title-text\"> \u0160to ako na zalihama npr. pi\u0161e broj 1, mogu li rezervirati 3 mjesta? <\/div><\/span>\n\t\t\t\t\t\t\t<span class='e-n-accordion-item-title-icon'>\n\t\t\t<span class='e-opened' ><i aria-hidden=\"true\" class=\"fas fa-minus\"><\/i><\/span>\n\t\t\t<span class='e-closed'><i aria-hidden=\"true\" class=\"fas fa-plus\"><\/i><\/span>\n\t\t<\/span>\n\n\t\t\t\t\t\t<\/summary>\n\t\t\t\t<div role=\"region\" aria-labelledby=\"e-n-accordion-item-74711\" class=\"elementor-element elementor-element-d6bdba1 e-flex e-con-boxed e-con e-child\" data-id=\"d6bdba1\" data-element_type=\"container\">\n\t\t\t\t\t<div class=\"e-con-inner\">\n\t\t\t\t<div class=\"elementor-element elementor-element-a7ee167 elementor-widget elementor-widget-text-editor\" data-id=\"a7ee167\" data-element_type=\"widget\" data-widget_type=\"text-editor.default\">\n\t\t\t\t<div class=\"elementor-widget-container\">\n\t\t\t\t\t\t\t\t\t<div class=\"question active\"><div class=\"answer\"><div class=\"question active\"><div class=\"answer\">Ako je na stanju prikazan broj 1 zna\u010di da je preostalo samo jedno slobodno mjesto, isto vrijedi i za ostale brojeve = broj mjesta. Obzirom na to da se sve rezervacije odvijaju isklju\u010divo online, sustav automatski generira va\u0161u narud\u017ebu te se stranica a\u017eurira i smanjuje se broj raspolo\u017eivih mjesta. Ukoliko pri odabiru odre\u0111enog proizvoda odnosno teme pi\u0161e \ud835\ude15\ud835\ude26\ud835\ude2e\ud835\ude22 \ud835\ude2f\ud835\ude22 \ud835\ude3b\ud835\ude22\ud835\ude2d\ud835\ude2a\ud835\ude29\ud835\ude2a zna\u010di da su sva mjesta ve\u0107 popunjena. Eventualno nam se mo\u017eete javiti direktno kako bismo vidjeli mo\u017eemo li jo\u0161 ne\u0161to u\u010diniti za vas.<\/div><\/div><div class=\"question\"><div class=\"title\">\u00a0<\/div><\/div><\/div><\/div>\t\t\t\t\t\t\t\t<\/div>\n\t\t\t\t<\/div>\n\t\t\t\t\t<\/div>\n\t\t\t\t<\/div>\n\t\t\t\t\t<\/details>\n\t\t\t\t\t<\/div>\n\t\t\t\t\t\t<\/div>\n\t\t\t\t<\/div>\n\t\t\t\t\t<\/div>\n\t\t\t\t<\/div>\n\t\t\t\t<\/div>","protected":false},"excerpt":{"rendered":"<p>FAQ: \u010cesto postavljana pitanja Moram li unaprijed rezervirati mjesta? Da, potrebno je unaprijed rezervirati mjesta za \u017eeljeni termin, nije mogu\u0107e do\u0107i bez prethodne rezervacije. Kako mogu rezervirati mjesta za \u017eeljeni termin? Sve rezervacije vr\u0161e se isklju\u010divo putem na\u0161e web stranice na na\u010din da: Odaberite \u201cRezerviraj svoje mjesto\u201d \u300bodaberete raspolo\u017eivu temu ili termin \u300bdodate broj mjesta [&hellip;]<\/p>","protected":false},"author":13,"featured_media":0,"parent":0,"menu_order":0,"comment_status":"closed","ping_status":"closed","template":"","meta":{"_acf_changed":false,"footnotes":""},"class_list":["post-82703","page","type-page","status-publish","hentry"],"acf":[],"_links":{"self":[{"href":"https:\/\/www.artbottega.hr\/en\/wp-json\/wp\/v2\/pages\/82703","targetHints":{"allow":["GET"]}}],"collection":[{"href":"https:\/\/www.artbottega.hr\/en\/wp-json\/wp\/v2\/pages"}],"about":[{"href":"https:\/\/www.artbottega.hr\/en\/wp-json\/wp\/v2\/types\/page"}],"author":[{"embeddable":true,"href":"https:\/\/www.artbottega.hr\/en\/wp-json\/wp\/v2\/users\/13"}],"replies":[{"embeddable":true,"href":"https:\/\/www.artbottega.hr\/en\/wp-json\/wp\/v2\/comments?post=82703"}],"version-history":[{"count":0,"href":"https:\/\/www.artbottega.hr\/en\/wp-json\/wp\/v2\/pages\/82703\/revisions"}],"wp:attachment":[{"href":"https:\/\/www.artbottega.hr\/en\/wp-json\/wp\/v2\/media?parent=82703"}],"curies":[{"name":"wp","href":"https:\/\/api.w.org\/{rel}","templated":true}]}}